{"id":283,"date":"2025-10-08T17:17:16","date_gmt":"2025-10-08T17:17:16","guid":{"rendered":"https:\/\/xpartaninvictussuplements.com.co\/index.php\/producto\/lipo-6-black-intense-60-cap\/"},"modified":"2025-10-13T14:35:47","modified_gmt":"2025-10-13T14:35:47","slug":"lipo-6-black-intense-60-cap","status":"publish","type":"product","link":"https:\/\/xpartaninvictussuplements.com.co\/index.php\/producto\/lipo-6-black-intense-60-cap\/","title":{"rendered":"LIPO 6 BLACK INTENSE 60 CAP"},"content":{"rendered":"<p>\ud83d\udd25 LIPO-6 Black Intense \u2013 Nutrex<\/p>\n<p>El quemador de grasa m\u00e1s extremo de la l\u00ednea LIPO-6.<\/p>\n<p>\u2705 F\u00f3rmula ultra intensa para llevar la quema de grasa al siguiente nivel.<br \/>\n\u2705 Efectos r\u00e1pidos y duraderos: sentir\u00e1s su acci\u00f3n en minutos.<br \/>\n\u2705 Brinda energ\u00eda explosiva, control del apetito y apoyo s\u00f3lido en la p\u00e9rdida de peso.<br \/>\n\u2705 Su potente efecto termog\u00e9nico maximiza la reducci\u00f3n de grasa, incluso en zonas localizadas.<\/p>\n<p>Beneficios clave:<\/p>\n<p>\ud83d\udd25 M\u00e1xima reducci\u00f3n de grasa corporal<\/p>\n<p>\ud83c\udfaf Ataca grasa localizada<\/p>\n<p>\ud83c\udf7d\ufe0f Ayuda a controlar el apetito<\/p>\n<p>\u26a1 Energ\u00eda y concentraci\u00f3n intensas<\/p>\n<p>\ud83d\udce6 Presentaci\u00f3n: C\u00e1psulas de alta potencia<br \/>\n\ud83d\udc8a Uso recomendado: Dise\u00f1ado para quienes buscan resultados extremos.<\/p>\n","protected":false},"excerpt":{"rendered":"<p>\ud83d\udd25 LIPO-6 Black Intense \u2013 Nutrex El quemador de grasa m\u00e1s extremo de la l\u00ednea LIPO-6. \u2705 F\u00f3rmula ultra intensa [&hellip;]<\/p>\n","protected":false},"featured_media":178,"comment_status":"open","ping_status":"closed","template":"","meta":{"site-sidebar-layout":"default","site-content-layout":"","ast-site-content-layout":"default","site-content-style":"default","site-sidebar-style":"default","ast-global-header-display":"","ast-banner-title-visibility":"","ast-main-header-display":"","ast-hfb-above-header-display":"","ast-hfb-below-header-display":"","ast-hfb-mobile-header-display":"","site-post-title":"","ast-breadcrumbs-content":"","ast-featured-img":"","footer-sml-layout":"","theme-transparent-header-meta":"default","adv-header-id-meta":"","stick-header-meta":"","header-above-stick-meta":"","header-main-stick-meta":"","header-below-stick-meta":"","astra-migrate-meta-layouts":"set","ast-page-background-enabled":"default","ast-page-background-meta":{"desktop":{"background-color":"var(--ast-global-color-5)","background-image":"","background-repeat":"repeat","background-position":"center center","background-size":"auto","background-attachment":"scroll","background-type":"","background-media":"","overlay-type":"","overlay-color":"","overlay-opacity":"","overlay-gradient":""},"tablet":{"background-color":"","background-image":"","background-repeat":"repeat","background-position":"center center","background-size":"auto","background-attachment":"scroll","background-type":"","background-media":"","overlay-type":"","overlay-color":"","overlay-opacity":"","overlay-gradient":""},"mobile":{"background-color":"","background-image":"","background-repeat":"repeat","background-position":"center center","background-size":"auto","background-attachment":"scroll","background-type":"","background-media":"","overlay-type":"","overlay-color":"","overlay-opacity":"","overlay-gradient":""}},"ast-content-background-meta":{"desktop":{"background-color":"var(--ast-global-color-4)","background-image":"","background-repeat":"repeat","background-position":"center center","background-size":"auto","background-attachment":"scroll","background-type":"","background-media":"","overlay-type":"","overlay-color":"","overlay-opacity":"","overlay-gradient":""},"tablet":{"background-color":"var(--ast-global-color-4)","background-image":"","background-repeat":"repeat","background-position":"center center","background-size":"auto","background-attachment":"scroll","background-type":"","background-media":"","overlay-type":"","overlay-color":"","overlay-opacity":"","overlay-gradient":""},"mobile":{"background-color":"var(--ast-global-color-4)","background-image":"","background-repeat":"repeat","background-position":"center center","background-size":"auto","background-attachment":"scroll","background-type":"","background-media":"","overlay-type":"","overlay-color":"","overlay-opacity":"","overlay-gradient":""}},"_joinchat":[]},"product_brand":[45],"product_cat":[30],"product_tag":[],"class_list":{"0":"post-283","1":"product","2":"type-product","3":"status-publish","4":"has-post-thumbnail","6":"product_brand-nutrex","7":"product_cat-quemadores","8":"desktop-align-left","9":"tablet-align-left","10":"mobile-align-left","12":"first","13":"instock","14":"shipping-taxable","15":"purchasable","16":"product-type-simple"},"_links":{"self":[{"href":"https:\/\/xpartaninvictussuplements.com.co\/index.php\/wp-json\/wp\/v2\/product\/283","targetHints":{"allow":["GET"]}}],"collection":[{"href":"https:\/\/xpartaninvictussuplements.com.co\/index.php\/wp-json\/wp\/v2\/product"}],"about":[{"href":"https:\/\/xpartaninvictussuplements.com.co\/index.php\/wp-json\/wp\/v2\/types\/product"}],"replies":[{"embeddable":true,"href":"https:\/\/xpartaninvictussuplements.com.co\/index.php\/wp-json\/wp\/v2\/comments?post=283"}],"wp:featuredmedia":[{"embeddable":true,"href":"https:\/\/xpartaninvictussuplements.com.co\/index.php\/wp-json\/wp\/v2\/media\/178"}],"wp:attachment":[{"href":"https:\/\/xpartaninvictussuplements.com.co\/index.php\/wp-json\/wp\/v2\/media?parent=283"}],"wp:term":[{"taxonomy":"product_brand","embeddable":true,"href":"https:\/\/xpartaninvictussuplements.com.co\/index.php\/wp-json\/wp\/v2\/product_brand?post=283"},{"taxonomy":"product_cat","embeddable":true,"href":"https:\/\/xpartaninvictussuplements.com.co\/index.php\/wp-json\/wp\/v2\/product_cat?post=283"},{"taxonomy":"product_tag","embeddable":true,"href":"https:\/\/xpartaninvictussuplements.com.co\/index.php\/wp-json\/wp\/v2\/product_tag?post=283"}],"curies":[{"name":"wp","href":"https:\/\/api.w.org\/{rel}","templated":true}]}}