{"id":275,"date":"2025-10-08T17:17:13","date_gmt":"2025-10-08T17:17:13","guid":{"rendered":"https:\/\/xpartaninvictussuplements.com.co\/index.php\/producto\/hydroxycut-hardcore-elite\/"},"modified":"2025-10-13T16:09:07","modified_gmt":"2025-10-13T16:09:07","slug":"hydroxycut-hardcore-elite","status":"publish","type":"product","link":"https:\/\/xpartaninvictussuplements.com.co\/index.php\/producto\/hydroxycut-hardcore-elite\/","title":{"rendered":"HYDROXYCUT HARDCORE ELITE"},"content":{"rendered":"<p>F\u00f3rmula Termog\u00e9nica Avanzada<\/p>\n<p>Suplemento con una potente combinaci\u00f3n de extractos vegetales e ingredientes activos que apoyan la energ\u00eda, el enfoque y el metabolismo.<\/p>\n<p>Por porci\u00f3n contiene:<\/p>\n<p>250 mg Cafe\u00edna anhidra<\/p>\n<p>200 mg Caf\u00e9 verde<\/p>\n<p>100 mg L-Teanina<\/p>\n<p>100 mg L-Carnitina<\/p>\n<p>100 mg Extracto de cacao<\/p>\n<p>5 mg Pimienta negra<\/p>\n<p>5 mg Pimienta de cayena<\/p>\n<p>Modo de uso:<br \/>\nAdultos:<\/p>\n<p>D\u00eda 1: 1 c\u00e1psula una vez al d\u00eda.<\/p>\n<p>D\u00edas 2 y 3: 2 c\u00e1psulas una vez al d\u00eda.<br \/>\n(Lea siempre la etiqueta antes de usar).<\/p>\n<p>Presentaci\u00f3n: 100 c\u00e1psulas.<\/p>\n<p>Conservaci\u00f3n: Mantener en su envase original, en lugar fresco y seco (\u226430\u00b0C y humedad &lt;75%). Consumir pronto despu\u00e9s de abierto.<\/p>\n<p>\u26a0\ufe0f Advertencias:<\/p>\n<p>Suplemento dietario, no es medicamento.<\/p>\n<p>No sustituye una alimentaci\u00f3n equilibrada.<\/p>\n<p>No apto para embarazadas, lactancia ni personas sensibles a la cafe\u00edna.<\/p>\n<p>Mantener fuera del alcance de los ni\u00f1os.<\/p>\n<p>Reg. San. INVIMA: SD2015-0003470<\/p>\n","protected":false},"excerpt":{"rendered":"<p>F\u00f3rmula Termog\u00e9nica Avanzada Suplemento con una potente combinaci\u00f3n de extractos vegetales e ingredientes activos que apoyan la energ\u00eda, el enfoque [&hellip;]<\/p>\n","protected":false},"featured_media":274,"comment_status":"open","ping_status":"closed","template":"","meta":{"site-sidebar-layout":"default","site-content-layout":"","ast-site-content-layout":"default","site-content-style":"default","site-sidebar-style":"default","ast-global-header-display":"","ast-banner-title-visibility":"","ast-main-header-display":"","ast-hfb-above-header-display":"","ast-hfb-below-header-display":"","ast-hfb-mobile-header-display":"","site-post-title":"","ast-breadcrumbs-content":"","ast-featured-img":"","footer-sml-layout":"","theme-transparent-header-meta":"default","adv-header-id-meta":"","stick-header-meta":"","header-above-stick-meta":"","header-main-stick-meta":"","header-below-stick-meta":"","astra-migrate-meta-layouts":"set","ast-page-background-enabled":"default","ast-page-background-meta":{"desktop":{"background-color":"var(--ast-global-color-5)","background-image":"","background-repeat":"repeat","background-position":"center center","background-size":"auto","background-attachment":"scroll","background-type":"","background-media":"","overlay-type":"","overlay-color":"","overlay-opacity":"","overlay-gradient":""},"tablet":{"background-color":"","background-image":"","background-repeat":"repeat","background-position":"center center","background-size":"auto","background-attachment":"scroll","background-type":"","background-media":"","overlay-type":"","overlay-color":"","overlay-opacity":"","overlay-gradient":""},"mobile":{"background-color":"","background-image":"","background-repeat":"repeat","background-position":"center center","background-size":"auto","background-attachment":"scroll","background-type":"","background-media":"","overlay-type":"","overlay-color":"","overlay-opacity":"","overlay-gradient":""}},"ast-content-background-meta":{"desktop":{"background-color":"var(--ast-global-color-4)","background-image":"","background-repeat":"repeat","background-position":"center center","background-size":"auto","background-attachment":"scroll","background-type":"","background-media":"","overlay-type":"","overlay-color":"","overlay-opacity":"","overlay-gradient":""},"tablet":{"background-color":"var(--ast-global-color-4)","background-image":"","background-repeat":"repeat","background-position":"center center","background-size":"auto","background-attachment":"scroll","background-type":"","background-media":"","overlay-type":"","overlay-color":"","overlay-opacity":"","overlay-gradient":""},"mobile":{"background-color":"var(--ast-global-color-4)","background-image":"","background-repeat":"repeat","background-position":"center center","background-size":"auto","background-attachment":"scroll","background-type":"","background-media":"","overlay-type":"","overlay-color":"","overlay-opacity":"","overlay-gradient":""}},"_joinchat":[]},"product_brand":[37],"product_cat":[30],"product_tag":[],"class_list":{"0":"post-275","1":"product","2":"type-product","3":"status-publish","4":"has-post-thumbnail","6":"product_brand-muscletech","7":"product_cat-quemadores","8":"desktop-align-left","9":"tablet-align-left","10":"mobile-align-left","12":"first","13":"instock","14":"shipping-taxable","15":"purchasable","16":"product-type-simple"},"_links":{"self":[{"href":"https:\/\/xpartaninvictussuplements.com.co\/index.php\/wp-json\/wp\/v2\/product\/275","targetHints":{"allow":["GET"]}}],"collection":[{"href":"https:\/\/xpartaninvictussuplements.com.co\/index.php\/wp-json\/wp\/v2\/product"}],"about":[{"href":"https:\/\/xpartaninvictussuplements.com.co\/index.php\/wp-json\/wp\/v2\/types\/product"}],"replies":[{"embeddable":true,"href":"https:\/\/xpartaninvictussuplements.com.co\/index.php\/wp-json\/wp\/v2\/comments?post=275"}],"wp:featuredmedia":[{"embeddable":true,"href":"https:\/\/xpartaninvictussuplements.com.co\/index.php\/wp-json\/wp\/v2\/media\/274"}],"wp:attachment":[{"href":"https:\/\/xpartaninvictussuplements.com.co\/index.php\/wp-json\/wp\/v2\/media?parent=275"}],"wp:term":[{"taxonomy":"product_brand","embeddable":true,"href":"https:\/\/xpartaninvictussuplements.com.co\/index.php\/wp-json\/wp\/v2\/product_brand?post=275"},{"taxonomy":"product_cat","embeddable":true,"href":"https:\/\/xpartaninvictussuplements.com.co\/index.php\/wp-json\/wp\/v2\/product_cat?post=275"},{"taxonomy":"product_tag","embeddable":true,"href":"https:\/\/xpartaninvictussuplements.com.co\/index.php\/wp-json\/wp\/v2\/product_tag?post=275"}],"curies":[{"name":"wp","href":"https:\/\/api.w.org\/{rel}","templated":true}]}}